{"id":28,"date":"2017-11-03T10:48:38","date_gmt":"2017-11-03T10:48:38","guid":{"rendered":"http:\/\/des.hhos.ru.s26.hhos.ru\/wp\/?page_id=28"},"modified":"2024-03-18T13:08:18","modified_gmt":"2024-03-18T17:08:18","slug":"leadership","status":"publish","type":"page","link":"https:\/\/coalitionap.myftp.org\/index.php\/leadership\/","title":{"rendered":"Leadership"},"content":{"rendered":"<p>[vc_row css=&#8221;.vc_custom_1510580968682{margin-bottom: 80px !important;padding-bottom: 0px !important;}&#8221;][vc_column][vc_column_text]<\/p>\n<h3>About Our Leaders<\/h3>\n<p>A new grass-root Polish-American organization under the name The Coalition of Polish Americans (\u201cCPA\u201d) was born on September 24, 2017, in Washington, DC. At its second organizational meeting, the\u00a0CPA\u00a0founding members adopted bylaws and elected its leaders. Representatives from ten key states of the USA took part in the meeting.The\u00a0Coalition of Polish Americans is a non-partisan, not-for-profit organization dedicated to promoting the interests of Polish Americans. The Coalition of Polish Americans monitors, expresses its views, and acts upon local, state, national and international issues of particular concern to the Polish American community.<\/p>\n<p>According to the Founding Declaration dated April 19, 2017, the\u00a0CPA respects and promotes the\u00a0Polish heritage, its Christian tradition, and upholds values of sovereignty and independence deeply cherished by the United States of America and Poland.\u00a0The founding members also underscore spiritual bonds with the Polish people beyond borders.<\/p>\n<p>The 3rd Annual Election Meeting of the CPA in October, 2021, again changed the composition of our leadership.\u00a0 Dr. Stanis\u0142aw \u015aliwowski from New Jersey, after serving his two terms (maximum allowed) as the President of the CPA , was\u00a0 replaced in that capacity by Leszek Pawlik (former Secretary), but remains on the Board in the position of Vice President (VP) for Youth and Educational Affairs.\u00a0 Other changes are reflected in the table below.<\/p>\n<p>The Board welcomes two newcomers:\u00a0 Halina Koralewski as VP for Cultural Affairs, and Jacek\u00a0 Marczy\u0144ski as a new Board Member.<\/p>\n<p>The Coalition of Polish Americans supports the commonwealth of Polish Americans and invites all interested to join.[\/vc_column_text][\/vc_column][\/vc_row][vc_row full_width=&#8221;stretch_row&#8221; css=&#8221;.vc_custom_1539113476367{margin-bottom: 80px !important;padding-bottom: 0px !important;}&#8221;][vc_column][vc_column_text]<\/p>\n<h3 style=\"background-color: #0a2e5e; color: #ffffff;\">Our Leaders<\/h3>\n<p>[\/vc_column_text][vc_row_inner][vc_column_inner width=&#8221;1\/2&#8243;][vc_column_text]<strong>President<\/strong>[\/vc_column_text][vc_column_text]<\/p>\n<h5><strong>Leszek Pawlik<\/strong><\/h5>\n<p><img loading=\"lazy\" decoding=\"async\" class=\"alignnone wp-image-2284 size-medium\" src=\"https:\/\/coalitionpa.myftp.org\/wp-content\/uploads\/2018\/11\/IMG_0089-2-e1584651670630-245x300.jpg\" alt=\"\" width=\"245\" height=\"300\" srcset=\"https:\/\/coalitionap.myftp.org\/wp-content\/uploads\/2018\/11\/IMG_0089-2-e1584651670630-245x300.jpg 245w, https:\/\/coalitionap.myftp.org\/wp-content\/uploads\/2018\/11\/IMG_0089-2-e1584651670630.jpg 525w\" sizes=\"auto, (max-width: 245px) 100vw, 245px\" \/><\/p>\n<p><span style=\"text-decoration: underline;\"><span style=\"color: #0000ff;\"><a style=\"color: #0000ff; text-decoration: underline;\" href=\"mailto:leszek.pawlik@coalitionpa.org\">leszek.pawlik@coalitionpa.org<\/a><\/span><\/span>[\/vc_column_text][\/vc_column_inner][vc_column_inner width=&#8221;1\/2&#8243;][vc_column_text]<strong>\u00a0Leszek Pawlik, absolwent Uniwersytetu Sl\u0105skiego w Katowicach, kierunek informatyka. Wyemigrowa\u0142 do USA na skutek stanu wojennego w 1984 roku. Od tego czasu mieszka w okolicach Los Angeles, CA.<br \/>\n28 letnia kariera w liniach lotniczych jako manager i specjalista IT. Od dwu lat na emeryturze. Dzia\u0142acz spo\u0142eczny w Koalicji Polonii Ameryka\u0144skiej (od 2017 r., jeden z cz\u0142onk\u00f3w za\u0142o\u017cycieli), Kongresie Polonii Ameryka\u0144skiej (Dyrektor Krajowy i VP d\/s Polskich KPA w Po\u0142udniowej Californii), Instyucie Polonii (vice-prezes), O\u015brodku Polskim w Los Angeles (cz\u0142onek zarz\u0105du). Wieloletni prezes Polskiego Zwi\u0105zku Tenisa w Po\u0142udniowej Kalifornii. Za sw\u00f3j g\u0142\u00f3wny cel uwa\u017ca walk\u0119 o niezawis\u0142o\u015b\u0107 Polski. Kibic tenisa, pi\u0142ki no\u017cnej i siatk\u00f3wki. <\/strong>[\/vc_column_text][\/vc_column_inner][\/vc_row_inner][vc_row_inner][vc_column_inner width=&#8221;1\/2&#8243;][vc_column_text]<strong>1st Vice President, Public Relations<br \/>\n<\/strong>[\/vc_column_text][vc_column_text]<\/p>\n<h5><strong>Walter (Wies\u0142aw) Go\u0142\u0119biewski<\/strong><\/h5>\n<p><img loading=\"lazy\" decoding=\"async\" class=\"alignnone wp-image-2949 size-medium\" src=\"https:\/\/coalitionpa.myftp.org\/wp-content\/uploads\/2020\/02\/WieslawG_pict-scaled-e1584651314709-261x300.jpg\" alt=\"\" width=\"261\" height=\"300\" srcset=\"https:\/\/coalitionap.myftp.org\/wp-content\/uploads\/2020\/02\/WieslawG_pict-scaled-e1584651314709-261x300.jpg 261w, https:\/\/coalitionap.myftp.org\/wp-content\/uploads\/2020\/02\/WieslawG_pict-scaled-e1584651314709-890x1024.jpg 890w, https:\/\/coalitionap.myftp.org\/wp-content\/uploads\/2020\/02\/WieslawG_pict-scaled-e1584651314709-768x884.jpg 768w, https:\/\/coalitionap.myftp.org\/wp-content\/uploads\/2020\/02\/WieslawG_pict-scaled-e1584651314709-1335x1536.jpg 1335w, https:\/\/coalitionap.myftp.org\/wp-content\/uploads\/2020\/02\/WieslawG_pict-scaled-e1584651314709.jpg 1406w\" sizes=\"auto, (max-width: 261px) 100vw, 261px\" \/><\/p>\n<p><span style=\"text-decoration: underline;\"><span style=\"color: #0000ff;\"><a style=\"color: #0000ff; text-decoration: underline;\" href=\"mailto:walter.golebiewski@coalitionpa.org\">walter.golebiewski@coalitionpa.org<\/a><\/span><\/span>[\/vc_column_text][\/vc_column_inner][vc_column_inner width=&#8221;1\/2&#8243;][\/vc_column_inner][\/vc_row_inner][vc_separator][vc_row_inner][vc_column_inner width=&#8221;1\/2&#8243;][vc_column_text]<strong>Vice President, American Affairs<\/strong>[\/vc_column_text][vc_column_text]<\/p>\n<h5><strong>Anna Zawadzka<br \/>\n<\/strong><\/h5>\n<p>&nbsp;<\/p>\n<p><a href=\"mailto:anna.zawadzka@coalitionpa.org\"><span style=\"text-decoration: underline; color: #0000ff;\">anna.zawadzka@coalitionpa.org<\/span><\/a>[\/vc_column_text][\/vc_column_inner][\/vc_row_inner][vc_row_inner][vc_column_inner width=&#8221;1\/2&#8243;][vc_column_text]<strong>Vice President, Polish Affairs<\/strong>[\/vc_column_text][vc_column_text]<\/p>\n<h5><strong>Jacek Marczy\u0144ski<br \/>\n<\/strong><\/h5>\n<p><span style=\"text-decoration: underline;\"><span style=\"color: #0000ff;\"><a style=\"color: #0000ff; text-decoration: underline;\" href=\"mailto:jacek.marczynski@coalitionpa.org\"><img loading=\"lazy\" decoding=\"async\" class=\"alignnone size-medium wp-image-30221\" src=\"https:\/\/coalitionpa.org\/wp-content\/uploads\/2022\/08\/Jacek_Marczynski-225x300.jpg\" alt=\"\" width=\"225\" height=\"300\" \/><\/a><\/span><\/span><\/p>\n<p><span style=\"text-decoration: underline;\"><span style=\"color: #0000ff;\"><a style=\"color: #0000ff; text-decoration: underline;\" href=\"mailto:jacek.marczynski@coalitionpa.org\">jacek.marczynski@coalitionpa.org<\/a><\/span><\/span>[\/vc_column_text][\/vc_column_inner][\/vc_row_inner][vc_separator][vc_row_inner][vc_column_inner width=&#8221;1\/2&#8243;][vc_column_text]<strong>Vice President,<\/strong><strong> Youth and Education Affairs<\/strong>[\/vc_column_text][vc_column_text]<\/p>\n<h5><\/h5>\n<h5><strong>Roman Korzan<br \/>\n<\/strong><\/h5>\n<p>&nbsp;<\/p>\n<p><a href=\"mailto:roman.korzan@coalitionpa.org\"><span style=\"text-decoration: underline;\"><span style=\"color: #0000ff;\"><span id=\"lblEmailAccount\" class=\"wordbreak\">roman.korzan@coalitionpa.org<\/span><\/span><\/span><\/a>[\/vc_column_text][\/vc_column_inner][vc_column_inner width=&#8221;1\/2&#8243;][vc_column_text]<strong>Vice President, Cultural Affairs<\/strong>[\/vc_column_text][vc_column_text]<\/p>\n<h5><\/h5>\n<h5><strong>Halina Koralewski<\/strong><\/h5>\n<p><a href=\"mailto:halina.koralewski@coalitionpa.myftp.org\"><span id=\"lblEmailAccount\" class=\"wordbreak\"><img loading=\"lazy\" decoding=\"async\" class=\"alignnone size-medium wp-image-30078\" src=\"https:\/\/coalitionpa.myftp.org\/wp-content\/uploads\/2021\/11\/Halina_Koralewski2-273x300.jpg\" alt=\"\" width=\"273\" height=\"300\" srcset=\"https:\/\/coalitionap.myftp.org\/wp-content\/uploads\/2021\/11\/Halina_Koralewski2-273x300.jpg 273w, https:\/\/coalitionap.myftp.org\/wp-content\/uploads\/2021\/11\/Halina_Koralewski2-932x1024.jpg 932w, https:\/\/coalitionap.myftp.org\/wp-content\/uploads\/2021\/11\/Halina_Koralewski2-768x844.jpg 768w, https:\/\/coalitionap.myftp.org\/wp-content\/uploads\/2021\/11\/Halina_Koralewski2.jpg 1216w\" sizes=\"auto, (max-width: 273px) 100vw, 273px\" \/><\/span><\/a><\/p>\n<p><span style=\"text-decoration: underline;\"><span style=\"color: #0000ff;\"><a style=\"color: #0000ff;\" href=\"mailto:halina.koralewski@coalitionpa.org\"><span id=\"lblEmailAccount\" class=\"wordbreak\">halina.koralewski@coalitionpa.org<\/span><\/a><\/span><\/span>[\/vc_column_text][\/vc_column_inner][\/vc_row_inner][vc_separator][vc_row_inner][vc_column_inner width=&#8221;1\/2&#8243;][vc_column_text]<strong>Vice President, Financial Development<br \/>\n<\/strong>[\/vc_column_text][vc_column_text]<\/p>\n<h5><strong>Dr. Stanis\u0142aw \u015aliwowski<\/strong><\/h5>\n<p><img loading=\"lazy\" decoding=\"async\" class=\"alignnone size-medium wp-image-2274\" src=\"https:\/\/coalitionpa.org\/wp-content\/uploads\/2018\/11\/IMG_4697-2-228x300.jpg\" alt=\"\" width=\"228\" height=\"300\" srcset=\"https:\/\/coalitionap.myftp.org\/wp-content\/uploads\/2018\/11\/IMG_4697-2-228x300.jpg 228w, https:\/\/coalitionap.myftp.org\/wp-content\/uploads\/2018\/11\/IMG_4697-2.jpg 424w\" sizes=\"auto, (max-width: 228px) 100vw, 228px\" \/><\/p>\n<p><span style=\"text-decoration: underline;\"><span style=\"color: #0000ff;\"><a style=\"color: #0000ff; text-decoration: underline;\" href=\"mailto:stanislaw.sliwowski@coalitionpa.org\">stanislaw.sliwowski@coalitionpa.org<\/a><\/span><\/span>[\/vc_column_text][\/vc_column_inner][vc_column_inner width=&#8221;1\/2&#8243;][vc_column_text]<strong>Vice President, Membership Development<br \/>\n<\/strong>[\/vc_column_text][vc_column_text]<\/p>\n<h5><strong>Robert Redli\u0144ski<\/strong><\/h5>\n<p>&nbsp;<\/p>\n<p><span style=\"text-decoration: underline;\"><span style=\"color: #0000ff;\"><a style=\"color: #0000ff; text-decoration: underline;\" href=\"mailto:&gt;robert.redlinski@coalitionpa.org\">robert.redlinski@coalitionpa.org<\/a><\/span><\/span>[\/vc_column_text][\/vc_column_inner][\/vc_row_inner][vc_separator][vc_row_inner][vc_column_inner width=&#8221;1\/2&#8243;][vc_column_text]<strong>Secretary<\/strong>[\/vc_column_text][vc_column_text]<\/p>\n<h5><strong>Jolanta Ha\u0142aczkiewicz<\/strong><\/h5>\n<p>&nbsp;<\/p>\n<p><a href=\"mailto:jolanta.halaczkiewicz@coalitionpa.org\"><span style=\"text-decoration: underline; color: #0000ff;\">jolanta.halaczkiewicz@coalitionpa.org<\/span><\/a>[\/vc_column_text][vc_column_text]<span style=\"text-decoration: underline;\"><span style=\"color: #0000ff;\"><a style=\"color: #0000ff; text-decoration: underline;\" href=\"mailto:secretary@coalitionpa.org\">secretary@coalitionpa.org<\/a><\/span><\/span>[\/vc_column_text][\/vc_column_inner][vc_column_inner width=&#8221;1\/2&#8243;][vc_column_text]<strong>Treasurer<\/strong>[\/vc_column_text][vc_column_text]<\/p>\n<h5><strong>Joe Sobczak<\/strong><\/h5>\n<p>&nbsp;<\/p>\n<p><a href=\"mailto:joe.sobczak@coalitionpa.org\"><span style=\"text-decoration: underline;\"><span style=\"color: #0000ff; text-decoration: underline;\">joe.sobczak@coalitionpa.org<\/span><\/span><\/a>[\/vc_column_text][vc_column_text]<span style=\"text-decoration: underline;\"><span style=\"color: #0000ff;\"><a style=\"color: #0000ff; text-decoration: underline;\" href=\"mailto:treasurer@coalitionpa.org\">treasurer@coalitionpa.org<\/a><\/span><\/span>[\/vc_column_text][\/vc_column_inner][\/vc_row_inner][vc_separator][vc_column_text]<\/p>\n<h5 style=\"text-align: center;\"><strong>Board Members<br \/>\n<\/strong><\/h5>\n<p>[\/vc_column_text][vc_row_inner][vc_column_inner width=&#8221;1\/2&#8243;][vc_column_text]<\/p>\n<h5><strong>Edward Cyran<br \/>\n<\/strong><\/h5>\n<p>&nbsp;<\/p>\n<p><a href=\"mailto:edward.cyran@coalitionpa.org\"><span style=\"text-decoration: underline;\"><span style=\"color: #0000ff;\"><span id=\"lblEmailAccount\" class=\"wordbreak\">edward.cyran@coalitionpa.org<\/span><\/span><\/span><\/a>[\/vc_column_text][\/vc_column_inner][vc_column_inner width=&#8221;1\/2&#8243;][vc_column_text]<\/p>\n<h5><strong>J\u00f3zef Krutul<br \/>\n<\/strong><\/h5>\n<p>&nbsp;<\/p>\n<p><a href=\"mailto:jozef.krutul@coalitionpa.org\"><span style=\"text-decoration: underline;\"><span style=\"color: #0000ff;\"><span id=\"lblEmailAccount\" class=\"wordbreak\"><img loading=\"lazy\" decoding=\"async\" class=\"alignnone size-medium wp-image-2952\" src=\"https:\/\/coalitionpa.org\/wp-content\/uploads\/2020\/02\/J_Krutul-zdjecie-scaled-e1584651424831-236x300.jpg\" alt=\"\" width=\"236\" height=\"300\" srcset=\"https:\/\/coalitionap.myftp.org\/wp-content\/uploads\/2020\/02\/J_Krutul-zdjecie-scaled-e1584651424831-236x300.jpg 236w, https:\/\/coalitionap.myftp.org\/wp-content\/uploads\/2020\/02\/J_Krutul-zdjecie-scaled-e1584651424831-806x1024.jpg 806w, https:\/\/coalitionap.myftp.org\/wp-content\/uploads\/2020\/02\/J_Krutul-zdjecie-scaled-e1584651424831-768x975.jpg 768w, https:\/\/coalitionap.myftp.org\/wp-content\/uploads\/2020\/02\/J_Krutul-zdjecie-scaled-e1584651424831.jpg 989w\" sizes=\"auto, (max-width: 236px) 100vw, 236px\" \/><\/span><\/span><\/span><\/a><\/p>\n<p><a href=\"mailto:jozef.krutul@coalitionpa.org\"><span style=\"text-decoration: underline;\"><span style=\"color: #0000ff;\"><span id=\"lblEmailAccount\" class=\"wordbreak\">jozef.krutul@coalitionpa.org<\/span><\/span><\/span><\/a>[\/vc_column_text][\/vc_column_inner][\/vc_row_inner][vc_separator][vc_column_text]<\/p>\n<h5 style=\"background-color: #bf0d3e; color: #ffffff; text-align: center;\"><strong>By-Laws Committee:<\/strong><\/h5>\n<p>[\/vc_column_text][vc_column_text]<strong>Jolanta Ha\u0142aczkiewicz, <\/strong><span style=\"font-size: 12px;\"><a href=\"mailto:jolanta.halaczkiewicz@coalitionpa.org\"><span style=\"text-decoration: underline;\"><span style=\"color: #0000ff; text-decoration: underline;\"><span style=\"font-size: 12px;\"><span style=\"font-size: 14px;\">jolanta.halaczkiewicz@coalitionpa.org<\/span><\/span><\/span><\/span><\/a><\/span><\/p>\n<p><strong>Tomasz Ko\u0142odziej<\/strong>, <a href=\"mailto:tomasz.kolodziej@coalitionpa.org\"><span style=\"font-size: 12px;\"><span style=\"text-decoration: underline; color: #0000ff;\"><span style=\"font-size: 14px;\">tomasz.kolodziej@coalitionpa.org<\/span><\/span><\/span><\/a><\/p>\n<p><strong>Roman Korzan<\/strong>, <span style=\"font-size: 12px;\"><a href=\"mailto:Roman.Korzan@coalitionpa.org\"><span style=\"text-decoration: underline; color: #0000ff;\"><span style=\"font-size: 14px;\">Roman.Korzan@coalitionpa.org<\/span><\/span><\/a><\/span><\/p>\n<p><span class=\"vc_table_content\"><strong>Leszek Pawlik<\/strong>, <span style=\"text-decoration: underline;\"><span style=\"color: #0000ff; text-decoration: underline;\"><a style=\"color: #0000ff; text-decoration: underline;\" href=\"mailto:leszek.pawlik@coalitionpa.org\"><span style=\"font-size: 12px;\"><span style=\"font-size: 14px; color: #0000ff; text-decoration: underline;\">leszek.pawlik@coalitionpa.org<\/span><\/span><\/a><\/span><\/span><\/span><\/p>\n<p><strong>Joe Sobczak<\/strong>, <span style=\"text-decoration: underline; color: #0000ff;\"><span style=\"font-size: 14px;\"><a style=\"color: #0000ff; text-decoration: underline;\" href=\"mailto:joe.sobczak@coalitionpa.org\">joe.sobczak@coalitionpa.org<\/a><\/span><\/span>[\/vc_column_text][vc_column_text]<\/p>\n<h5 style=\"background-color: #bf0d3e; color: #ffffff; text-align: center;\"><strong>Grievance Committee:<\/strong><\/h5>\n<p>[\/vc_column_text][vc_column_text]<span class=\"vc_table_content\"><strong>Maria Szonert-Binienda<\/strong>, <span style=\"text-decoration: underline; color: #0000ff;\"><span style=\"font-size: 14px;\"><a style=\"color: #0000ff; text-decoration: underline;\" href=\"mailto:Maria.Szonert@coalitionpa.org\">Maria.Szonert@coalitionpa.org<\/a><\/span><\/span><br \/>\n<\/span><\/p>\n<p><strong>Robert Redli\u0144ski<\/strong>,\u00a0 <span style=\"text-decoration: underline; color: #0000ff;\"><a style=\"color: #0000ff;\" href=\"mailto:robert.redlinski@coalitionpa.org\"><span style=\"font-size: 14px;\">robert.redlinski@coalitionpa.org<\/span><\/a><\/span><\/p>\n<p><strong>Wies\u0142aw Wierzbowski<\/strong>,[\/vc_column_text][vc_column_text]<\/p>\n<h5 style=\"background-color: #bf0d3e; color: #ffffff; text-align: center;\"><strong>Audit Committee:<\/strong><\/h5>\n<p>[\/vc_column_text][vc_column_text]<span class=\"vc_table_content\"><strong>Kazimierz Bobrowski<\/strong>, <span style=\"text-decoration: underline; font-size: 14px;\"><span style=\"color: #0000ff; text-decoration: underline;\"><a style=\"color: #0000ff; text-decoration: underline;\" href=\"mailto:kazimierz.bobrowski@coalitionpa.org\">kazimierz.bobrowski@coalitionpa.org<\/a><\/span><\/span><\/span><\/p>\n<p><strong>Ma\u0142gorzata Rogoyska<\/strong>,<\/p>\n<p class=\"vc_table_content\"><strong>Krzysztof W\u0105\u017c<\/strong>,\u00a0 <a href=\"mailto:krzysztof.waz@coalitionpa.org\"><span style=\"text-decoration: underline; font-size: 14px;\"><span style=\"color: #0000ff; text-decoration: underline;\">christopher.waz@coalitionpa.org<\/span><\/span><\/a><\/p>\n<p>[\/vc_column_text][vc_column_text]<\/p>\n<h5 style=\"background-color: #bf0d3e; color: #ffffff; text-align: center;\"><strong>Membership Committee:<\/strong><\/h5>\n<p>[\/vc_column_text][vc_column_text]<span class=\"vc_table_content\"><strong>Agata Marriott<\/strong>, <span style=\"text-decoration: underline;\"><span style=\"color: #0000ff; text-decoration: underline;\"><a style=\"color: #0000ff; text-decoration: underline;\" href=\"mailto:Agata.Marriott@coalitionpa.org\">Agata.Marriott@coalitionpa.org<\/a><\/span><\/span><\/span><\/p>\n<p><span class=\"vc_table_content\"><strong>Alicja Pierzcha\u0142a<\/strong>,<br \/>\n<\/span><\/p>\n<p><strong>Bo\u017cena Redli\u0144ska<\/strong>,[\/vc_column_text][vc_separator][\/vc_column][\/vc_row][vc_row disable_element=&#8221;yes&#8221;][vc_column][vc_column_text][\/vc_column_text][\/vc_column][\/vc_row][vc_row][vc_column css=&#8221;.vc_custom_1536691789906{margin-top: 100px !important;}&#8221;][vc_mad_share label=&#8221;Share this:&#8221; show_facebook=&#8221;1&#8243; show_twitter=&#8221;1&#8243; show_google=&#8221;1&#8243; show_mail=&#8221;1&#8243;][\/vc_column][\/vc_row]<\/p>\n","protected":false},"excerpt":{"rendered":"<p>[vc_row css=&#8221;.vc_custom_1510580968682{margin-bottom: 80px !important;padding-bottom: 0px !important;}&#8221;][vc_column][vc_column_text] About Our Leaders A new grass-root Polish-American organization under the name The Coalition of Polish Americans (\u201cCPA\u201d) was born on September 24, 2017, in Washington, DC. At its second organizational meeting, the\u00a0CPA\u00a0founding members adopted bylaws and elected its leaders. Representatives from ten key states of the USA took part [&hellip;]<\/p>\n","protected":false},"author":1,"featured_media":0,"parent":0,"menu_order":0,"comment_status":"closed","ping_status":"closed","template":"","meta":{"om_disable_all_campaigns":false,"_monsterinsights_skip_tracking":false,"_monsterinsights_sitenote_active":false,"_monsterinsights_sitenote_note":"","_monsterinsights_sitenote_category":0,"footnotes":""},"class_list":["post-28","page","type-page","status-publish","hentry"],"_links":{"self":[{"href":"https:\/\/coalitionap.myftp.org\/index.php\/wp-json\/wp\/v2\/pages\/28","targetHints":{"allow":["GET"]}}],"collection":[{"href":"https:\/\/coalitionap.myftp.org\/index.php\/wp-json\/wp\/v2\/pages"}],"about":[{"href":"https:\/\/coalitionap.myftp.org\/index.php\/wp-json\/wp\/v2\/types\/page"}],"author":[{"embeddable":true,"href":"https:\/\/coalitionap.myftp.org\/index.php\/wp-json\/wp\/v2\/users\/1"}],"replies":[{"embeddable":true,"href":"https:\/\/coalitionap.myftp.org\/index.php\/wp-json\/wp\/v2\/comments?post=28"}],"version-history":[{"count":5,"href":"https:\/\/coalitionap.myftp.org\/index.php\/wp-json\/wp\/v2\/pages\/28\/revisions"}],"predecessor-version":[{"id":31109,"href":"https:\/\/coalitionap.myftp.org\/index.php\/wp-json\/wp\/v2\/pages\/28\/revisions\/31109"}],"wp:attachment":[{"href":"https:\/\/coalitionap.myftp.org\/index.php\/wp-json\/wp\/v2\/media?parent=28"}],"curies":[{"name":"wp","href":"https:\/\/api.w.org\/{rel}","templated":true}]}}