{"id":29799,"date":"2021-09-14T14:51:46","date_gmt":"2021-09-14T18:51:46","guid":{"rendered":"https:\/\/coalitionpa.myftp.org\/?page_id=29799"},"modified":"2022-08-31T19:58:26","modified_gmt":"2022-08-31T23:58:26","slug":"2ww-resolution-2021","status":"publish","type":"page","link":"https:\/\/coalitionap.myftp.org\/index.php\/2ww-resolution-2021\/","title":{"rendered":"2WW Resolution 2021"},"content":{"rendered":"<p>[vc_row gap=&#8221;30&#8243;][vc_column][vc_column_text]<\/p>\n<h4 style=\"text-align: center;\"><a href=\"https:\/\/www.govtrack.us\/congress\/bills\/117\/hres664\/text\" target=\"_blank\" rel=\"noopener\"><span style=\"color: #0000ff;\"><strong>U.S. Congress Resolution H.Res. 664<br \/>\n<\/strong><\/span><\/a><\/h4>\n<h5 style=\"text-align: center;\"><a href=\"https:\/\/www.govtrack.us\/congress\/bills\/117\/hres664\/text\" target=\"_blank\" rel=\"noopener\"><span style=\"color: #0000ff;\"><strong>Commemorating the anniversary\u00a0<\/strong><strong>of the Invasion of Poland <\/strong><\/span><\/a><\/h5>\n<h5 style=\"text-align: center;\"><a href=\"https:\/\/www.govtrack.us\/congress\/bills\/117\/hres664\/text\" target=\"_blank\" rel=\"noopener\"><span style=\"color: #0000ff;\"><strong>and recognizing the importance of<\/strong><strong> the United States alliance with the Republic of Poland<\/strong><\/span><\/a><\/h5>\n<p>[\/vc_column_text][vc_separator color=&#8221;orange&#8221;][\/vc_column][\/vc_row][vc_row][vc_column width=&#8221;1\/2&#8243;][vc_column_text]<\/p>\n<h5><span style=\"color: #ff0000;\">We urge all of you to put pressure on your representative to co-sponsor and support H.Res.664.\u00a0 The chances of passing this resolution will depend on the intensity and scale of our pressure.\u00a0 It is extremely important to act now, as H. Res.664 must be passed before the 2022 elections.<\/span><\/h5>\n<p>[\/vc_column_text][\/vc_column][vc_column width=&#8221;1\/2&#8243;][vc_column_text]<\/p>\n<h5><span style=\"color: #ff0000;\">Apelujemy do wszystkich o wywarcie nacisku na swoich kongresman\u00f3w, aby sponsorowali i poparli t\u0119 rezolucj\u0119. \u00a0Uchwalenie rezolucji zale\u017ce\u0107 b\u0119dzie od intensywno\u015bci i skali naszego nacisku.\u00a0\u00a0<\/span><span style=\"color: #ff0000;\">Szybko\u015b\u0107 naszego dzia\u0142ania jest krytyczna, <\/span><span style=\"color: #ff0000;\">gdy\u017c H.Res.664 musi by\u0107 <\/span><span style=\"color: #ff0000;\">uchwalona\u00a0<\/span><span style=\"color: #ff0000;\">przed wyborami 2022,.<\/span><\/h5>\n<p>[\/vc_column_text][\/vc_column][\/vc_row][vc_row][vc_column][vc_empty_space][\/vc_column][\/vc_row][vc_row][vc_column width=&#8221;1\/2&#8243;][vc_mad_btn title=&#8221;Take action! Contact your Representative&#8221; style=&#8221;btn-style-6&#8243; size=&#8221;btn-big&#8221; align=&#8221;cp-center&#8221; icon=&#8221;&#8221; link=&#8221;url:https%3A%2F%2Fcoalitionpa.myftp.org%2Findex.php%2F2ww-resolution-2021-action%2F|title:2WW%20Resolution%202021%20action|target:_blank&#8221;][vc_column_text]U.S. House Resolution 664 (H.Res.664), introduced by Congressman Thomas R. Suozzi (D-NY) in cooperation with Polonia, is very important for Poland and American Polonia. \u00a0H.Res.664 commemorates the tragic history of Poland in the Second World War. \u00a0It counters false narratives and misconceptions about Poland and Poles during that time. \u00a0It also emphasizes Poland&#8217;s strategic importance to the United States in the current geopolitical situation. \u00a0H.Res.664 has been held in the Committee of Foreign Relations of the US Congress and <strong>it is up to us to get it to pass<\/strong>. \u00a0The war in Ukraine and the growing geopolitical importance of Poland has created a favorable climate for H.Res.664. \u00a0At this time, when Poland is politically attacked by Russia and the EU, H.Res.664 will be of major importance for strengthening the position of Poland and restoring the image of Poles, especially Polish Americans.[\/vc_column_text][vc_mad_btn title=&#8221;Language of HRes.664&#8243; size=&#8221;btn-small&#8221; align=&#8221;cp-center&#8221; icon=&#8221;&#8221; link=&#8221;url:https%3A%2F%2Fwww.govtrack.us%2Fcongress%2Fbills%2F117%2Fhres664%2Ftext|target:_blank&#8221;][\/vc_column][vc_column width=&#8221;1\/2&#8243;][vc_mad_btn title=&#8221;W\u0142\u0105cz si\u0119 do akcji! Oto jak dotrze\u0107 do Twojego kongresmana&#8221; style=&#8221;btn-style-6&#8243; size=&#8221;btn-big&#8221; icon=&#8221;&#8221; link=&#8221;url:https%3A%2F%2Fcoalitionpa.myftp.org%2Findex.php%2F2ww-resolution-2021-akcja%2F|title:2WW%20Resolution%202021%20action|target:_blank&#8221;][vc_column_text]Wa\u017cna dla Polski i Polonii rezolucja H.Res. 664 zosta\u0142a zaproponowana w Izbie\u00a0Reprezentant\u00f3w Kongresu USA przez kongresmana Thomasa R. Suozzi (D-NY) przy wsp\u00f3\u0142pracy z Poloni\u0105. \u00a0Jej celem jest upami\u0119tnienie tragicznej historii Polski okresu II Wojny \u015awiatowej oraz przeciwstawienie si\u0119 fa\u0142szywym mitom i narracjom dotycz\u0105cym udzia\u0142u Polski i Polak\u00f3w w tych wydarzeniach. \u00a0Podkre\u015bla ona tak\u017ce strategiczne znaczenie Polski dla USA w obecnej sytuacji geopolitycznej.\u00a0 H.Res.664 jest z\u0142o\u017cona w Committee of Foreign Relations Kongresu USA i <strong>od nas zale\u017cy czy wejdzie pod obrady Izby i\u00a0b\u0119dzie uchwalona<\/strong>.\u00a0 Wojna na Ukrainie, wzrost znaczenia Polski, stworzy\u0142y przychylny dla H.Res.664 klimat polityczny &#8211; powinien by\u0107 on wykorzystany. W sytuacji kiedy Polska jest atakowana, nie tylko ze strony Rosji i UE, rezolucja H.Res. 664 b\u0119dzie mia\u0142a powa\u017cne znaczenie dla wzmocnienia pozycji Polski i wizerunku Polak\u00f3w, r\u00f3wnie\u017c tych \u017cyj\u0105cych w USA.[\/vc_column_text][vc_mad_btn title=&#8221;Tekst rezolucji HRes.664&#8243; size=&#8221;btn-small&#8221; align=&#8221;cp-center&#8221; icon=&#8221;&#8221; link=&#8221;url:https%3A%2F%2Fwww.govtrack.us%2Fcongress%2Fbills%2F117%2Fhres664%2Ftext|target:_blank&#8221;][vc_column_text]Prosimy poslucha\u0107 wywiadu w Radiu Wicwprezesa CPA Krzysztofa W\u0119\u017ca, kt\u00f3ry wyja\u015bnia dalsze szczeg\u00f3\u0142y tej akcji poparcia dla tej rezolucji:<\/p>\n<p><img loading=\"lazy\" decoding=\"async\" class=\"size-medium wp-image-29892 aligncenter\" src=\"https:\/\/coalitionpa.myftp.org\/wp-content\/uploads\/2021\/10\/PolskieRadio-300x222.jpg\" alt=\"\" width=\"300\" height=\"222\" srcset=\"https:\/\/coalitionap.myftp.org\/wp-content\/uploads\/2021\/10\/PolskieRadio-300x222.jpg 300w, https:\/\/coalitionap.myftp.org\/wp-content\/uploads\/2021\/10\/PolskieRadio-768x569.jpg 768w, https:\/\/coalitionap.myftp.org\/wp-content\/uploads\/2021\/10\/PolskieRadio.jpg 1024w\" sizes=\"auto, (max-width: 300px) 100vw, 300px\" \/><\/p>\n<!--[if lt IE 9]><script>document.createElement('audio');<\/script><![endif]-->\n<audio class=\"wp-audio-shortcode\" id=\"audio-29799-1\" preload=\"none\" style=\"width: 100%;\" controls=\"controls\"><source type=\"audio\/mpeg\" src=\"https:\/\/coalitionpa.myftp.org\/wp-content\/uploads\/2021\/10\/Krzysztof-Waz_CPA_HR.664_09-28.mp3?_=1\" \/><a href=\"https:\/\/coalitionpa.myftp.org\/wp-content\/uploads\/2021\/10\/Krzysztof-Waz_CPA_HR.664_09-28.mp3\">https:\/\/coalitionpa.myftp.org\/wp-content\/uploads\/2021\/10\/Krzysztof-Waz_CPA_HR.664_09-28.mp3<\/a><\/audio>\n<p>[\/vc_column_text][vc_mad_btn][\/vc_column][\/vc_row][vc_row disable_element=&#8221;yes&#8221;][vc_column width=&#8221;1\/2&#8243;][vc_column_text]<\/p>\n<h5>Find your voting district, your congressman, and more<\/h5>\n<p>[\/vc_column_text][vc_raw_html]JTNDaWZyYW1lJTIwd2lkdGglM0QlMjI0MjUlMjIlMjBoZWlnaHQlM0QlMjIzMDAlMjIlMjBmcmFtZWJvcmRlciUzRCUyMjAlMjIlMjBzY3JvbGxpbmclM0QlMjJubyUyMiUyMG1hcmdpbmhlaWdodCUzRCUyMjAlMjIlMjBtYXJnaW53aWR0aCUzRCUyMjAlMjIlMEFzcmMlM0QlMjJodHRwcyUzQSUyRiUyRnd3dy5nb3Z0cmFjay51cyUyRmNvbmdyZXNzJTJGbWVtYmVycyUyRmVtYmVkJTJGbWFwZnJhbWUlM0YlMjZib3VuZHMlM0QtMTUxLjE3MiUyQzM5LjY3MyUyQy00NC42OTUlMkMxMS4xNDUlMjIlM0UlM0MlMkZpZnJhbWUlM0U=[\/vc_raw_html][\/vc_column][vc_column width=&#8221;1\/2&#8243;][vc_column_text]<\/p>\n<h5>Current Status of H.Res.664 in the U.S.Congress<\/h5>\n<p>[\/vc_column_text][vc_raw_html]JTNDc2NyaXB0JTIwaWQlM0QlMjJnb3Z0cmFjayUzQXdpZGdldCUzQWJpbGwlM0ExMTclM0FocmVzNjY0JTNBc2NyaXB0JTIyJTIwc3JjJTNEJTIyaHR0cHMlM0ElMkYlMkZ3d3cuZ292dHJhY2sudXMlMkZjb25ncmVzcyUyRmJpbGxzJTJGMTE3JTJGaHJlczY2NCUyRndpZGdldC5qcyUyMiUyMHR5cGUlM0QlMjJ0ZXh0JTJGamF2YXNjcmlwdCUyMiUzRSUzQyUyRnNjcmlwdCUzRQ==[\/vc_raw_html][vc_mad_action_list type=&#8221;style_3 style-2 type-vr&#8221; values=&#8221;%5B%7B%22label%22%3A%22Govtrack.us%22%2C%22link%22%3A%22url%3Ahttps%253A%252F%252Fwww.govtrack.us%252Fcongress%252F%7Ctarget%3A_blank%22%2C%22value%22%3A%22Official%20current%20status%20of%20the%20Acts%20and%20Resolutions%20in%20the%20U.S.%20Congress%22%2C%22bg_color%22%3A%22%2377bbff%22%2C%22bg_color_hover%22%3A%22%233366ff%22%2C%22icon_color%22%3A%22%23ffffff%22%2C%22title_color%22%3A%22%23ffffff%22%2C%22icon%22%3A%22licon-question%22%7D%5D&#8221; columns=&#8221;action-col-1&#8243;][\/vc_column][\/vc_row][vc_row disable_element=&#8221;yes&#8221;][vc_column][vc_empty_space height=&#8221;128px&#8221;][vc_text_separator title=&#8221;Resolution H.Res. 664, as submitted:&#8221; title_align=&#8221;separator_align_left&#8221; color=&#8221;juicy_pink&#8221; style=&#8221;double&#8221; border_width=&#8221;2&#8243;][vc_column_text]<\/p>\n<h5 style=\"text-align: center;\"><strong>Commemorating the anniversary of the Invasion of Poland <\/strong><\/h5>\n<h5 style=\"text-align: center;\"><strong>and recognizing the importance of<\/strong><\/h5>\n<h5 style=\"text-align: center;\"><strong>\u00a0the United States alliance with the Republic of Poland<\/strong><\/h5>\n<p>&nbsp;<\/p>\n<h6>Whereas on September 1, 1939, German forces led by Adolf Hitler attacked the Republic of Poland;<\/h6>\n<h6>Whereas on September 17, 1939, Soviet forces led by Joseph Stalin attacked the Republic of Poland;<\/h6>\n<h6>Whereas subsequent to the completion of the invasion, the Republic of Poland was divided under the terms of the Secret Protocol of the Molotov\u2013Ribbentrop Pact, which was signed on August 23, 1939;<\/h6>\n<h6>Whereas Adolf Hitler issued the command to invade with orders \u201cto send to death mercilessly and without compassion, men, women, and children of Polish derivation and language\u201d;<\/h6>\n<h6>Whereas in Poland, a traditionally tolerant country that was home to Europe\u2019s largest Jewish population, German occupying forces established death camps where millions were murdered;<\/h6>\n<h6>Whereas Poland lost a higher percentage of its population than any other nation in World War II due to the genocide perpetrated by occupying forces;<\/h6>\n<h6>Whereas an estimated 6 million Poles were killed, roughly half of whom were Jewish;<\/h6>\n<h6>Whereas relations between the United States and Poland date back several centuries;<\/h6>\n<h6>Whereas Polish settlers first arrived in Jamestown in 1608;<\/h6>\n<h6>Whereas the current relationship between the United States and the Republic of Poland is deep and mutually beneficial to both countries;<\/h6>\n<h6>Whereas since the collapse of communism in Europe, the Republic of Poland\u2019s prosperity and integration into Western institutions has provided a model for other countries in the region;<\/h6>\n<h6>Whereas the addition of the Republic of Poland to NATO in 1999 has strengthened the alliance and provided a crucial bulwark against aggression by Russia;<\/h6>\n<h6>Whereas the Department of State describes the Republic of Poland as \u201ca stalwart ally in Central Europe and one of the United States\u2019 strongest partners in fostering security and prosperity regionally, throughout Europe, and the world\u2019;<\/h6>\n<h6>Now, therefore, be it<\/h6>\n<h6><strong>Resolved<\/strong>, That the House of Representatives\u2014<\/h6>\n<h6>(1) honors the millions of Poles who lost their lives during the invasion and occupation of Poland;<\/h6>\n<h6>(2) encourages increased education about the atrocities committed by occupying forces against the Poles;<\/h6>\n<h6>(3) recognizes the critical role that the Republic of Poland plays in maintaining stability and security in Europe;<\/h6>\n<h6>(4) calls for the strengthening and broadening of diplomatic, economic, and security ties between the United States and the Republic of Poland.<\/h6>\n<p>[\/vc_column_text][\/vc_column][\/vc_row][vc_row disable_element=&#8221;yes&#8221;][vc_column width=&#8221;3\/4&#8243;][vc_mad_btn title=&#8221;TAKE ACTION: Write Senators, ask them to amend the Katyn Resolution S.R. 566&#8243; style=&#8221;btn-style-6&#8243; size=&#8221;btn-big&#8221; align=&#8221;cp-left&#8221; icon=&#8221;licon-register&#8221; link=&#8221;url:https%3A%2F%2Fcoalitionpa.myftp.org%2Fkatyn_resolution%2F|title:Katyn%20Resolution|target:%20_blank|&#8221;][vc_mad_btn title=&#8221;TAKE ACTION: Let your opinion on the Katyn Resolution S.R. 566 be counted by PopVox&#8221; style=&#8221;btn-style-6&#8243; size=&#8221;btn-big&#8221; align=&#8221;cp-left&#8221; icon=&#8221;licon-register&#8221; link=&#8221;url:https%3A%2F%2Fwww.popvox.com%2Fus%2Ffederal%2Fbills%2F116%2Fsres566|title:Katyn%20Resolution|target:%20_blank|&#8221;][vc_mad_btn title=&#8221;Official current status of the S.R. 566 in the Senate onGovtrack.us&#8221; style=&#8221;btn-style-3&#8243; size=&#8221;btn-small&#8221; align=&#8221;cp-left&#8221; icon=&#8221;licon-question&#8221; link=&#8221;url:https%3A%2F%2Fwww.govtrack.us%2Fcongress%2Fbills%2F116%2Fsres566||target:%20_blank|&#8221;][\/vc_column][vc_column width=&#8221;1\/4&#8243;][vc_mad_action_list type=&#8221;style_3 style-2 type-vr&#8221; values=&#8221;%5B%7B%22label%22%3A%22TAKE%20ACTION%3A%20EMAIL%22%2C%22link%22%3A%22url%3Ahttps%253A%252F%252Fcoalitionpa.myftp.org%252Findex.php%252Fkatyn_resolution%252F%22%2C%22value%22%3A%22Write%20Senators%2C%20ask%20them%20to%20amend%20the%20Katyn%20Resolution%20S.Res.566%22%2C%22bg_color%22%3A%22%23ff66aa%22%2C%22bg_color_hover%22%3A%22%23ff0000%22%2C%22icon_color%22%3A%22%23ffffff%22%2C%22title_color%22%3A%22%23ffffff%22%2C%22icon%22%3A%22licon-register%22%7D%2C%7B%22label%22%3A%22TAKE%20ACTION%3A%20EMAIL%22%2C%22link%22%3A%22url%3Ahttps%253A%252F%252Fcoalitionpa.myftp.org%252Findex.php%252Fkatyn-resolution-hr%252F%22%2C%22value%22%3A%22Write%20your%20Representative%2C%20ask%20them%20to%20amend%20the%20Katyn%20Resolution%20H.Res.986%22%2C%22bg_color%22%3A%22%23ff66aa%22%2C%22bg_color_hover%22%3A%22%23ff0000%22%2C%22icon_color%22%3A%22%23ffffff%22%2C%22title_color%22%3A%22%23ffffff%22%2C%22icon%22%3A%22licon-register%22%7D%2C%7B%22label%22%3A%22TAKE%20ACTION%3A%20PopVox%22%2C%22link%22%3A%22url%3Ahttps%253A%252F%252Fwww.popvox.com%252Fus%252Ffederal%252Fbills%252F116%252Fsres566%7C%7Ctarget%3A%2520_blank%7C%22%2C%22value%22%3A%22Let%20your%20opinion%20on%20the%20Katyn%20Resolutions%20be%20counted%20in%20the%20U.S.%20Congress%20%22%2C%22bg_color%22%3A%22%23ffcc88%22%2C%22bg_color_hover%22%3A%22%23aa5500%22%2C%22icon_color%22%3A%22%23ffffff%22%2C%22title_color%22%3A%22%23ffffff%22%2C%22icon%22%3A%22licon-register%22%7D%2C%7B%22label%22%3A%22Govtrack.us%22%2C%22link%22%3A%22url%3Ahttps%253A%252F%252Fwww.govtrack.us%252Fcongress%252Fbills%252F116%252Fsres566%7C%7Ctarget%3A%2520_blank%7C%22%2C%22value%22%3A%22Official%20current%20status%20of%20the%20S.R.%20566%20in%20the%20Congress%22%2C%22bg_color%22%3A%22%2377bbff%22%2C%22bg_color_hover%22%3A%22%233366ff%22%2C%22icon_color%22%3A%22%23ffffff%22%2C%22title_color%22%3A%22%23ffffff%22%2C%22icon%22%3A%22licon-question%22%7D%5D&#8221; columns=&#8221;action-col-1&#8243;][vc_empty_space][\/vc_column][\/vc_row]<\/p>\n","protected":false},"excerpt":{"rendered":"<p>[vc_row gap=&#8221;30&#8243;][vc_column][vc_column_text] U.S. Congress Resolution H.Res. 664 Commemorating the anniversary\u00a0of the Invasion of Poland and recognizing the importance of the United States alliance with the Republic of Poland [\/vc_column_text][vc_separator color=&#8221;orange&#8221;][\/vc_column][\/vc_row][vc_row][vc_column width=&#8221;1\/2&#8243;][vc_column_text] We urge all of you to put pressure on your representative to co-sponsor and support H.Res.664.\u00a0 The chances of passing this resolution will depend [&hellip;]<\/p>\n","protected":false},"author":9,"featured_media":0,"parent":0,"menu_order":0,"comment_status":"closed","ping_status":"closed","template":"","meta":{"om_disable_all_campaigns":false,"_monsterinsights_skip_tracking":false,"_monsterinsights_sitenote_active":false,"_monsterinsights_sitenote_note":"","_monsterinsights_sitenote_category":0,"footnotes":""},"class_list":["post-29799","page","type-page","status-publish","hentry"],"_links":{"self":[{"href":"https:\/\/coalitionap.myftp.org\/index.php\/wp-json\/wp\/v2\/pages\/29799","targetHints":{"allow":["GET"]}}],"collection":[{"href":"https:\/\/coalitionap.myftp.org\/index.php\/wp-json\/wp\/v2\/pages"}],"about":[{"href":"https:\/\/coalitionap.myftp.org\/index.php\/wp-json\/wp\/v2\/types\/page"}],"author":[{"embeddable":true,"href":"https:\/\/coalitionap.myftp.org\/index.php\/wp-json\/wp\/v2\/users\/9"}],"replies":[{"embeddable":true,"href":"https:\/\/coalitionap.myftp.org\/index.php\/wp-json\/wp\/v2\/comments?post=29799"}],"version-history":[{"count":5,"href":"https:\/\/coalitionap.myftp.org\/index.php\/wp-json\/wp\/v2\/pages\/29799\/revisions"}],"predecessor-version":[{"id":30555,"href":"https:\/\/coalitionap.myftp.org\/index.php\/wp-json\/wp\/v2\/pages\/29799\/revisions\/30555"}],"wp:attachment":[{"href":"https:\/\/coalitionap.myftp.org\/index.php\/wp-json\/wp\/v2\/media?parent=29799"}],"curies":[{"name":"wp","href":"https:\/\/api.w.org\/{rel}","templated":true}]}}