{"id":30983,"date":"2023-11-01T21:46:31","date_gmt":"2023-11-02T01:46:31","guid":{"rendered":"https:\/\/coalitionpa.myftp.org\/index.php\/topics\/"},"modified":"2023-11-01T23:43:25","modified_gmt":"2023-11-02T03:43:25","slug":"topics","status":"publish","type":"page","link":"https:\/\/coalitionap.myftp.org\/index.php\/topics\/","title":{"rendered":"Topics"},"content":{"rendered":"<p><ul class=\"ctdb-topic-table ctdb-topic-table-col-4\"><li class=\"ctdb-topic-table-header\"><ul class=\"ctdb-topic-table-row ctdb-topic-table-header-row\"><li class=\"ctdb-topic-table-item ctdb-topic-table-avatar\">&nbsp;<\/li><li class=\"ctdb-topic-table-item ctdb-topic-table-topic\">Topic<\/li><li class=\"ctdb-topic-table-item ctdb-topic-table-replies\">Replies<\/li><li class=\"ctdb-topic-table-item ctdb-topic-table-started\">Since<\/li><\/ul><!-- ctdb-topic-table-row --><\/li><!-- ctdb-topic-table-header --><li class=\"ctdb-topic-table-body\"><ul class=\"ctdb-topic-table-row\"><li class=\"ctdb-topic-table-item ctdb-topic-table-avatar\"><img alt='' src='https:\/\/secure.gravatar.com\/avatar\/6425674561d3cf50909e8b1e8a35ac723d52bb233db3203c979540f28ef2cdbb?s=48&#038;d=mm&#038;r=g' srcset='https:\/\/secure.gravatar.com\/avatar\/6425674561d3cf50909e8b1e8a35ac723d52bb233db3203c979540f28ef2cdbb?s=96&#038;d=mm&#038;r=g 2x' class='avatar avatar-48 photo' height='48' width='48' \/><\/li><li class=\"ctdb-topic-table-item ctdb-topic-table-topic\"><p><a href=\"https:\/\/coalitionap.myftp.org\/index.php\/discussion-topics\/dodatkowe-prosby-o-mozliwosc-elektronicznego-udzialu-w-walnym-zebraniu-cpa\/\">Dodatkowe pro\u015bby o mo\u017cliwo\u015b\u0107 elektronicznego udzia\u0142u w Walnym Zebraniu CPA<\/a><\/p><div class=\"ctdb-excerpt\"><p>Szanowni Pa\u0144stwo,\r\n\r\nPo wys\u0142aniu poprzedniej pro\u015bby o g\u0142osy w sprawie umo\u017cliwienia obecno\u015bci i g\u0142osowania elektronicznego na naszym Walnym Zebraniu\r\nw dniach 4 i 5 listopada, otrzymali\u015bmy jeszcze kilka zg\u0142osze\u0144, kt\u00f3re powinni\u015bmy rozpatrze\u0107, nie naruszaj\u0105 one naszej...<\/p><p><a class=\"ctdb-button\" href=\"https:\/\/coalitionap.myftp.org\/index.php\/discussion-topics\/dodatkowe-prosby-o-mozliwosc-elektronicznego-udzialu-w-walnym-zebraniu-cpa\/\">Read More<\/a><\/p><\/div><!-- .ctdb-excerpt --><span class=\"ctdb-topic-table-posted-by\">Posted by: Leszek Pawlik<\/span><div class=\"ctdb-topic-mobile-metafields\"><div>Replies: 0<\/div><div>Started: <time class=\"comment-timeago\" datetime=\"2023-11-01T23:40:00+00:00\">November 1, 2023<\/time><\/div><\/div><\/li><li class=\"ctdb-topic-table-item ctdb-topic-table-replies\">0<\/li><li class=\"ctdb-topic-table-item ctdb-topic-table-started\"><time class=\"comment-timeago\" datetime=\"2023-11-01T23:40:00+00:00\">November 1, 2023<\/time><\/li><\/ul><!-- ctdb-topic-table-row --><\/li><!-- .ctdb-topic --><\/ul><!-- ctdb-topic-table-body --><ul class=\"ctdb-pagination\"><li class=\"prev\"><\/li><li class=\"next\"><\/li><\/ul> <a class=\"ctdb-new-topic-button \" href=\"https:\/\/coalitionap.myftp.org\/index.php\/topics\/new-topic\/\">Add new topic<\/a><\/p>\n","protected":false},"excerpt":{"rendered":"Szanowni Pa\u0144stwo, Po wys\u0142aniu poprzedniej pro\u015bby o g\u0142osy w sprawie umo\u017cliwienia obecno\u015bci i g\u0142osowania elektronicznego na naszym Walnym Zebraniu w dniach 4 i 5 listopada, otrzymali\u015bmy jeszcze kilka zg\u0142osze\u0144, kt\u00f3re powinni\u015bmy rozpatrze\u0107, nie naruszaj\u0105 one naszej Procedury Wyborczej. Ze wzgl\u0119du, \u017ce s\u0105 to zg\u0142oszenia \"w ostatniej chwili\/last minute\" postanowili\u015bmy potwierdzi\u0107 je w rozmowach telefonicznych, niestety [...]","protected":false},"author":1,"featured_media":0,"parent":0,"menu_order":0,"comment_status":"closed","ping_status":"closed","template":"","meta":{"om_disable_all_campaigns":false,"_monsterinsights_skip_tracking":false,"_monsterinsights_sitenote_active":false,"_monsterinsights_sitenote_note":"","_monsterinsights_sitenote_category":0,"footnotes":""},"class_list":["post-30983","page","type-page","status-publish","hentry"],"_links":{"self":[{"href":"https:\/\/coalitionap.myftp.org\/index.php\/wp-json\/wp\/v2\/pages\/30983","targetHints":{"allow":["GET"]}}],"collection":[{"href":"https:\/\/coalitionap.myftp.org\/index.php\/wp-json\/wp\/v2\/pages"}],"about":[{"href":"https:\/\/coalitionap.myftp.org\/index.php\/wp-json\/wp\/v2\/types\/page"}],"author":[{"embeddable":true,"href":"https:\/\/coalitionap.myftp.org\/index.php\/wp-json\/wp\/v2\/users\/1"}],"replies":[{"embeddable":true,"href":"https:\/\/coalitionap.myftp.org\/index.php\/wp-json\/wp\/v2\/comments?post=30983"}],"version-history":[{"count":1,"href":"https:\/\/coalitionap.myftp.org\/index.php\/wp-json\/wp\/v2\/pages\/30983\/revisions"}],"predecessor-version":[{"id":30988,"href":"https:\/\/coalitionap.myftp.org\/index.php\/wp-json\/wp\/v2\/pages\/30983\/revisions\/30988"}],"wp:attachment":[{"href":"https:\/\/coalitionap.myftp.org\/index.php\/wp-json\/wp\/v2\/media?parent=30983"}],"curies":[{"name":"wp","href":"https:\/\/api.w.org\/{rel}","templated":true}]}}